{"id":31,"date":"2025-11-04T10:18:58","date_gmt":"2025-11-04T09:18:58","guid":{"rendered":"https:\/\/vazqueztarrio.com\/?page_id=31"},"modified":"2026-02-12T13:19:44","modified_gmt":"2026-02-12T12:19:44","slug":"sobre-nosotros","status":"publish","type":"page","link":"https:\/\/vazqueztarrio.com\/en\/sobre-nosotros\/","title":{"rendered":"About us"},"content":{"rendered":"<div data-elementor-type=\"wp-page\" data-elementor-id=\"31\" class=\"elementor elementor-31\" data-elementor-post-type=\"page\">\n\t\t\t\t<div class=\"elementor-element elementor-element-e2980f6 e-flex e-con-boxed e-con e-parent\" data-id=\"e2980f6\" data-element_type=\"container\">\n\t\t\t\t\t<div class=\"e-con-inner\">\n\t\t\t\t<div class=\"elementor-element elementor-element-b704e64 elementor-widget elementor-widget-spacer\" data-id=\"b704e64\" data-element_type=\"widget\" data-widget_type=\"spacer.default\">\n\t\t\t\t\t\t\t<div class=\"elementor-spacer\">\n\t\t\t<div class=\"elementor-spacer-inner\"><\/div>\n\t\t<\/div>\n\t\t\t\t\t\t<\/div>\n\t\t\t\t\t<\/div>\n\t\t\t\t<\/div>\n\t\t<div class=\"elementor-element elementor-element-53f10db e-flex e-con-boxed e-con e-parent\" data-id=\"53f10db\" data-element_type=\"container\">\n\t\t\t\t\t<div class=\"e-con-inner\">\n\t\t<div class=\"elementor-element elementor-element-0a8674a e-con-full e-flex e-con e-child\" data-id=\"0a8674a\" data-element_type=\"container\">\n\t\t\t\t<div class=\"elementor-element elementor-element-b555410 elementor-widget elementor-widget-heading\" data-id=\"b555410\" data-element_type=\"widget\" data-widget_type=\"heading.default\">\n\t\t\t\t\t<h2 class=\"elementor-heading-title elementor-size-default\">Quality Representation for Your Industry<\/h2>\t\t\t\t<\/div>\n\t\t<div class=\"elementor-element elementor-element-b8e8b58 e-con-full e-flex e-con e-child\" data-id=\"b8e8b58\" data-element_type=\"container\">\n\t\t\t\t<div class=\"elementor-element elementor-element-2fa467e elementor-widget elementor-widget-text-editor\" data-id=\"2fa467e\" data-element_type=\"widget\" data-widget_type=\"text-editor.default\">\n\t\t\t\t\t\t\t\t\t<p>We are <b data-path-to-node=\"4\" data-index-in-node=\"20\">Representaciones V\u00e1zquez Tarrio<\/b>, su socio experto con m\u00e1s de tres d\u00e9cadas de experiencia en el sector. Nos dedicamos a la <b data-path-to-node=\"4\" data-index-in-node=\"154\">representaci\u00f3n t\u00e9cnica y comercial de firmas l\u00edderes<\/b>, actuando como el v\u00ednculo estrat\u00e9gico entre los mejores fabricantes y el mercado profesional. Nuestra trayectoria nos permite asegurar que cada empresa acceda a soluciones eficientes, innovadoras y de alto rendimiento.<\/p><p><strong>Vision:<\/strong> Consolidar nuestra posici\u00f3n como la referencia principal en representaci\u00f3n comercial e intermediaci\u00f3n en los sectores de <b data-path-to-node=\"5\" data-index-in-node=\"128\">Suministro Industrial, Construcci\u00f3n, Ferreter\u00eda, Protecci\u00f3n Laboral y Garden<\/b>. Nos distinguimos por la excelencia de las marcas que representamos y por la integridad de un asesoramiento continuo que aporta valor real a toda la cadena comercial.<\/p><p><strong>objective:<\/strong> Ser el socio estrat\u00e9gico de confianza para la gesti\u00f3n y prescripci\u00f3n de soluciones industriales y comerciales. Nos enfocamos en <b data-path-to-node=\"6\" data-index-in-node=\"137\">optimizar la conexi\u00f3n entre fabricante y cliente<\/b>, garantizando que cada profesional reciba la soluci\u00f3n t\u00e9cnica m\u00e1s adecuada para potenciar su operatividad y rentabilidad.<\/p>\t\t\t\t\t\t\t\t<\/div>\n\t\t<div class=\"elementor-element elementor-element-8df5d02 e-con-full e-flex e-con e-child\" data-id=\"8df5d02\" data-element_type=\"container\">\n\t\t<div class=\"elementor-element elementor-element-a31b020 e-grid e-con-full e-con e-child\" data-id=\"a31b020\" data-element_type=\"container\">\n\t\t<div class=\"elementor-element elementor-element-e7d0de8 e-con-full e-flex e-con e-child\" data-id=\"e7d0de8\" data-element_type=\"container\">\n\t\t\t\t<div class=\"elementor-element elementor-element-872fbb0 elementor-widget elementor-widget-heading\" data-id=\"872fbb0\" data-element_type=\"widget\" data-widget_type=\"heading.default\">\n\t\t\t\t\t<h3 class=\"elementor-heading-title elementor-size-default\">Quality<\/h3>\t\t\t\t<\/div>\n\t\t\t\t<div class=\"elementor-element elementor-element-c96b9f8 elementor-widget elementor-widget-text-editor\" data-id=\"c96b9f8\" data-element_type=\"widget\" data-widget_type=\"text-editor.default\">\n\t\t\t\t\t\t\t\t\t<p>Seleccionamos minuciosamente a los fabricantes que representamos, asegurando que cada producto cumpla con los est\u00e1ndares m\u00e1s exigentes de durabilidad y eficiencia para el mercado profesional.<\/p>\t\t\t\t\t\t\t\t<\/div>\n\t\t\t\t<\/div>\n\t\t<div class=\"elementor-element elementor-element-e8a091b e-con-full e-flex e-con e-child\" data-id=\"e8a091b\" data-element_type=\"container\">\n\t\t\t\t<div class=\"elementor-element elementor-element-5c3a047 elementor-widget elementor-widget-heading\" data-id=\"5c3a047\" data-element_type=\"widget\" data-widget_type=\"heading.default\">\n\t\t\t\t\t<h3 class=\"elementor-heading-title elementor-size-default\">Commitment<\/h3>\t\t\t\t<\/div>\n\t\t\t\t<div class=\"elementor-element elementor-element-7f2f35c elementor-widget elementor-widget-text-editor\" data-id=\"7f2f35c\" data-element_type=\"widget\" data-widget_type=\"text-editor.default\">\n\t\t\t\t\t\t\t\t\t<p>Nuestra labor no termina con la prescripci\u00f3n. Ofrecemos un soporte post-venta t\u00e9cnico y una gesti\u00f3n continua para garantizar la satisfacci\u00f3n y el \u00e9xito de nuestros colaboradores a largo plazo.<\/p>\t\t\t\t\t\t\t\t<\/div>\n\t\t\t\t<\/div>\n\t\t<div class=\"elementor-element elementor-element-30dbf52 e-con-full e-flex e-con e-child\" data-id=\"30dbf52\" data-element_type=\"container\">\n\t\t\t\t<div class=\"elementor-element elementor-element-e65c17f elementor-widget elementor-widget-heading\" data-id=\"e65c17f\" data-element_type=\"widget\" data-widget_type=\"heading.default\">\n\t\t\t\t\t<h3 class=\"elementor-heading-title elementor-size-default\">Experience<\/h3>\t\t\t\t<\/div>\n\t\t\t\t<div class=\"elementor-element elementor-element-bf6a721 elementor-widget elementor-widget-text-editor\" data-id=\"bf6a721\" data-element_type=\"widget\" data-widget_type=\"text-editor.default\">\n\t\t\t\t\t\t\t\t\t<p>M\u00e1s de 30 a\u00f1os de presencia activa en el mercado nos avalan para ofrecer una asesor\u00eda t\u00e9cnica y comercial profunda, conociendo de primera mano las necesidades reales de cada sector.<\/p>\t\t\t\t\t\t\t\t<\/div>\n\t\t\t\t<\/div>\n\t\t<div class=\"elementor-element elementor-element-83f4798 e-con-full e-flex e-con e-child\" data-id=\"83f4798\" data-element_type=\"container\">\n\t\t\t\t<div class=\"elementor-element elementor-element-574e59d elementor-widget elementor-widget-heading\" data-id=\"574e59d\" data-element_type=\"widget\" data-widget_type=\"heading.default\">\n\t\t\t\t\t<h3 class=\"elementor-heading-title elementor-size-default\">Integrity<\/h3>\t\t\t\t<\/div>\n\t\t\t\t<div class=\"elementor-element elementor-element-4551e10 elementor-widget elementor-widget-text-editor\" data-id=\"4551e10\" data-element_type=\"widget\" data-widget_type=\"text-editor.default\">\n\t\t\t\t\t\t\t\t\t<p>Actuamos con total integridad en cada intermediaci\u00f3n, basando nuestra trayectoria en relaciones de confianza s\u00f3lidas y transparentes entre los fabricantes de primer nivel y las empresas l\u00edderes.<\/p>\t\t\t\t\t\t\t\t<\/div>\n\t\t\t\t<\/div>\n\t\t\t\t<\/div>\n\t\t\t\t<\/div>\n\t\t\t\t<\/div>\n\t\t\t\t<\/div>\n\t\t\t\t\t<\/div>\n\t\t\t\t<\/div>\n\t\t<div class=\"elementor-element elementor-element-74a9520 e-flex e-con-boxed e-con e-parent\" data-id=\"74a9520\" data-element_type=\"container\">\n\t\t\t\t\t<div class=\"e-con-inner\">\n\t\t\t\t<div class=\"elementor-element elementor-element-5ba55e7 elementor-widget elementor-widget-spacer\" data-id=\"5ba55e7\" data-element_type=\"widget\" data-widget_type=\"spacer.default\">\n\t\t\t\t\t\t\t<div class=\"elementor-spacer\">\n\t\t\t<div class=\"elementor-spacer-inner\"><\/div>\n\t\t<\/div>\n\t\t\t\t\t\t<\/div>\n\t\t\t\t\t<\/div>\n\t\t\t\t<\/div>\n\t\t<div class=\"elementor-element elementor-element-39453d8 e-flex e-con-boxed e-con e-parent\" data-id=\"39453d8\" data-element_type=\"container\">\n\t\t\t\t\t<div class=\"e-con-inner\">\n\t\t\t\t<div class=\"elementor-element elementor-element-8f43104 elementor-widget elementor-widget-image\" data-id=\"8f43104\" data-element_type=\"widget\" data-widget_type=\"image.default\">\n\t\t\t\t\t\t\t\t\t\t\t\t\t\t\t<img fetchpriority=\"high\" decoding=\"async\" width=\"640\" height=\"216\" src=\"https:\/\/vazqueztarrio.com\/wp-content\/uploads\/2026\/01\/IMG_1089.jpeg\" class=\"attachment-medium_large size-medium_large wp-image-230\" alt=\"\" srcset=\"https:\/\/vazqueztarrio.com\/wp-content\/uploads\/2026\/01\/IMG_1089.jpeg 640w, https:\/\/vazqueztarrio.com\/wp-content\/uploads\/2026\/01\/IMG_1089-300x101.jpeg 300w, https:\/\/vazqueztarrio.com\/wp-content\/uploads\/2026\/01\/IMG_1089-18x6.jpeg 18w\" sizes=\"(max-width: 640px) 100vw, 640px\" \/>\t\t\t\t\t\t\t\t\t\t\t\t\t\t\t<\/div>\n\t\t\t\t\t<\/div>\n\t\t\t\t<\/div>\n\t\t\t\t<\/div>","protected":false},"excerpt":{"rendered":"<p>Representaci\u00f3n de Calidad para tu Industria Somos Representaciones V\u00e1zquez Tarrio, su socio experto con m\u00e1s de tres d\u00e9cadas de experiencia [&hellip;]<\/p>","protected":false},"author":1,"featured_media":0,"parent":0,"menu_order":0,"comment_status":"closed","ping_status":"closed","template":"","meta":{"site-sidebar-layout":"no-sidebar","site-content-layout":"","ast-site-content-layout":"full-width-container","site-content-style":"default","site-sidebar-style":"default","ast-global-header-display":"","ast-banner-title-visibility":"","ast-main-header-display":"","ast-hfb-above-header-display":"","ast-hfb-below-header-display":"","ast-hfb-mobile-header-display":"","site-post-title":"","ast-breadcrumbs-content":"","ast-featured-img":"disabled","footer-sml-layout":"","theme-transparent-header-meta":"","adv-header-id-meta":"","stick-header-meta":"","header-above-stick-meta":"","header-main-stick-meta":"","header-below-stick-meta":"","astra-migrate-meta-layouts":"default","ast-page-background-enabled":"default","ast-page-background-meta":{"desktop":{"background-color":"var(--ast-global-color-5)","background-image":"","background-repeat":"repeat","background-position":"center center","background-size":"auto","background-attachment":"scroll","background-type":"","background-media":"","overlay-type":"","overlay-color":"","overlay-opacity":"","overlay-gradient":""},"tablet":{"background-color":"","background-image":"","background-repeat":"repeat","background-position":"center center","background-size":"auto","background-attachment":"scroll","background-type":"","background-media":"","overlay-type":"","overlay-color":"","overlay-opacity":"","overlay-gradient":""},"mobile":{"background-color":"","background-image":"","background-repeat":"repeat","background-position":"center center","background-size":"auto","background-attachment":"scroll","background-type":"","background-media":"","overlay-type":"","overlay-color":"","overlay-opacity":"","overlay-gradient":""}},"ast-content-background-meta":{"desktop":{"background-color":"var(--ast-global-color-4)","background-image":"","background-repeat":"repeat","background-position":"center center","background-size":"auto","background-attachment":"scroll","background-type":"","background-media":"","overlay-type":"","overlay-color":"","overlay-opacity":"","overlay-gradient":""},"tablet":{"background-color":"var(--ast-global-color-4)","background-image":"","background-repeat":"repeat","background-position":"center center","background-size":"auto","background-attachment":"scroll","background-type":"","background-media":"","overlay-type":"","overlay-color":"","overlay-opacity":"","overlay-gradient":""},"mobile":{"background-color":"var(--ast-global-color-4)","background-image":"","background-repeat":"repeat","background-position":"center center","background-size":"auto","background-attachment":"scroll","background-type":"","background-media":"","overlay-type":"","overlay-color":"","overlay-opacity":"","overlay-gradient":""}},"footnotes":""},"class_list":["post-31","page","type-page","status-publish","hentry"],"_links":{"self":[{"href":"https:\/\/vazqueztarrio.com\/en\/wp-json\/wp\/v2\/pages\/31","targetHints":{"allow":["GET"]}}],"collection":[{"href":"https:\/\/vazqueztarrio.com\/en\/wp-json\/wp\/v2\/pages"}],"about":[{"href":"https:\/\/vazqueztarrio.com\/en\/wp-json\/wp\/v2\/types\/page"}],"author":[{"embeddable":true,"href":"https:\/\/vazqueztarrio.com\/en\/wp-json\/wp\/v2\/users\/1"}],"replies":[{"embeddable":true,"href":"https:\/\/vazqueztarrio.com\/en\/wp-json\/wp\/v2\/comments?post=31"}],"version-history":[{"count":31,"href":"https:\/\/vazqueztarrio.com\/en\/wp-json\/wp\/v2\/pages\/31\/revisions"}],"predecessor-version":[{"id":266,"href":"https:\/\/vazqueztarrio.com\/en\/wp-json\/wp\/v2\/pages\/31\/revisions\/266"}],"wp:attachment":[{"href":"https:\/\/vazqueztarrio.com\/en\/wp-json\/wp\/v2\/media?parent=31"}],"curies":[{"name":"wp","href":"https:\/\/api.w.org\/{rel}","templated":true}]}}